{"id":2890,"date":"2020-11-01T13:18:39","date_gmt":"2020-11-01T13:18:39","guid":{"rendered":"https:\/\/xawsgroup.com\/?page_id=2890"},"modified":"2023-01-05T12:13:41","modified_gmt":"2023-01-05T17:13:41","slug":"aviso-legal","status":"publish","type":"page","link":"https:\/\/xawsgroup.com\/es\/aviso-legal\/","title":{"rendered":"Aviso Legal"},"content":{"rendered":"<h4 class=\"wp-block-heading\">Aviso legal y t\u00e9rminos de uso<\/h4>\n\n\n\n<p>En este espacio, el USUARIO, podr\u00e1 encontrar toda la informaci\u00f3n  relativa a los t\u00e9rminos y condiciones legales que definen las relaciones  entre los usuarios y nosotros como responsables de esta web. Como  usuario, es importante que conozcas estos t\u00e9rminos antes de continuar tu  navegaci\u00f3n. <strong>Jhon Morato<\/strong> | <strong>XAWS<\/strong>, SRL. Como responsable de esta web,  asume el compromiso de procesar la informaci\u00f3n de nuestros usuarios y  clientes con plenas garant\u00edas y cumplir con los requisitos nacionales e internacionales que regulan la recopilaci\u00f3n y uso de los datos personales de  nuestros usuarios. Esta web, por tanto, cumple rigurosamente con el   reglamento de protecci\u00f3n de datos y de servicios de la sociedad de la  informaci\u00f3n y de comercio electr\u00f3nico.<\/p>\n\n\n\n<h4 class=\"wp-block-heading\">CONDICIONES GENERALES DE USO<\/h4>\n\n\n\n<p>Las presentes Condiciones Generales regulan el uso (incluyendo el  mero acceso) de las p\u00e1ginas de la web, integrantes del sitio web de   www.xawsgroup.com  incluidos los contenidos y servicios puestos a  disposici\u00f3n en ellas. Toda persona que acceda a la web,   www.xawsgroup.com  (\u201cUsuario\u201d) acepta someterse a las Condiciones  Generales vigentes en cada momento del portal  www.xawsgroup.com .<\/p>\n\n\n\n<h4 class=\"wp-block-heading\">DATOS PERSONALES QUE RECABAMOS Y C\u00d3MO LO HACEMOS<\/h4>\n\n\n\n<p>Leer&nbsp;<a href=\"https:\/\/www.zimrre.com\/legal-app\/www.xawsgroup.com\">P<\/a><a href=\"https:\/\/xawsgroup.com\/es\/\" target=\"_blank\" rel=\"noreferrer noopener\" aria-label=\" (opens in a new tab)\">ol\u00edtica de Privacidad<\/a><\/p>\n\n\n\n<h4 class=\"wp-block-heading\">COMPROMISOS Y OBLIGACIONES DE LOS USUARIOS<\/h4>\n\n\n\n<p>El Usuario queda informado, y acepta, que el acceso a la presente web  no supone, en modo alguno, el inicio de una relaci\u00f3n comercial con   www.xawsgroup.com . De esta forma, el usuario se compromete a  utilizar el sitio Web, sus servicios y contenidos sin contravenir la  legislaci\u00f3n vigente, la buena fe y el orden p\u00fablico.<br>Queda prohibido  el uso de la web, con fines il\u00edcitos o lesivos, o que, de cualquier  forma, puedan causar perjuicio o impedir el normal funcionamiento del  sitio web. Respecto de los contenidos de esta web, se proh\u00edbe: Su  reproducci\u00f3n, distribuci\u00f3n o modificaci\u00f3n, total o parcial, a menos que  se cuente con la autorizaci\u00f3n de sus leg\u00edtimos titulares; Cualquier  vulneraci\u00f3n de los derechos del prestador o de los leg\u00edtimos  titulares;Su utilizaci\u00f3n para fines comerciales o publicitarios.<br><br>En  la utilizaci\u00f3n de la web,  www.xawsgroup.com , el Usuario se  compromete a no llevar a cabo ninguna conducta que pudiera da\u00f1ar la  imagen, los intereses y los derechos de  www.xawsgroup.com  o de  terceros o que pudiera da\u00f1ar, inutilizar o sobrecargar el portal  (indicar dominio) o que impidiera, de cualquier forma, la normal  utilizaci\u00f3n de la web. No obstante, el Usuario debe ser consciente de  que las medidas de seguridad de los sistemas inform\u00e1ticos en Internet no  son enteramente fiables y que, por tanto  www.xawsgroup.com  no puede  garantizar la inexistencia de virus u otros elementos que puedan  producir alteraciones en los sistemas inform\u00e1ticos (software y hardware)  del Usuario o en sus documentos electr\u00f3nicos y ficheros contenidos en  los mismos.<\/p>\n\n\n\n<h4 class=\"wp-block-heading\">MEDIDAS DE SEGURIDAD<\/h4>\n\n\n\n<p>Los datos personales comunicados por el usuario a   www.xawsgroup.com  pueden ser almacenados en bases de datos  automatizadas o no, cuya titularidad corresponde en exclusiva a   www.xawsgroup.com , asumiendo \u00e9sta todas las medidas de \u00edndole  t\u00e9cnica, organizativa y de seguridad que garantizan la confidencialidad,  integridad y calidad de la informaci\u00f3n contenida en las mismas de  acuerdo con lo establecido en la normativa vigente en protecci\u00f3n de  datos.<br>La comunicaci\u00f3n entre los usuarios y  www.xawsgroup.com   utiliza un canal seguro, y los datos transmitidos son cifrados gracias a  protocolos a https, por tanto, garantizamos las mejores condiciones de  seguridad para que la confidencialidad de los usuarios est\u00e9 garantizada.<\/p>\n\n\n\n<h4 class=\"wp-block-heading\">RECLAMACIONES<\/h4>\n\n\n\n<p>www.xawsgroup.com informa que existen hojas de reclamaci\u00f3n a  disposici\u00f3n de usuarios y clientes. El Usuario podr\u00e1 realizar  reclamaciones solicitando su hoja de reclamaci\u00f3n o remitiendo un correo  electr\u00f3nico a&nbsp; <a href=\"mailto:(helpdesk)@xawsgroup.com\">(helpdesk)@xawsgroup.com<\/a> indicando su nombre y apellidos, el servicio y\/o producto adquirido y exponiendo los motivos de su reclamaci\u00f3n.<br><br>El usuario\/comprador podr\u00e1 notificarnos la reclamaci\u00f3n, bien a trav\u00e9s de correo electr\u00f3nico a:&nbsp; <a href=\"mailto:(helpdesk)@xawsgroup.com\">(helpdesk)@xawsgroup.com<\/a>,  si lo desea adjuntando el siguiente formulario de reclamaci\u00f3n: El  servicio\/producto: Adquirido el d\u00eda: Nombre del usuario: Domicilio del  usuario: Firma del usuario (solo si se presenta en papel): Fecha: Motivo  de la reclamaci\u00f3n:<\/p>\n\n\n\n<h4 class=\"wp-block-heading\">DERECHOS DE PROPIEDAD INTELECTUAL E INDUSTRIAL<\/h4>\n\n\n\n<p>En virtud de lo dispuesto en los art\u00edculos 8 y 32.1, p\u00e1rrafo segundo,  de la Ley de Propiedad Intelectual, quedan expresamente prohibidas la  reproducci\u00f3n, la distribuci\u00f3n y la comunicaci\u00f3n p\u00fablica, incluida su  modalidad de puesta a disposici\u00f3n, de la totalidad o parte de los  contenidos de esta p\u00e1gina web, con fines comerciales, en cualquier  soporte y por cualquier medio t\u00e9cnico, sin la autorizaci\u00f3n de  www.xawsgroup.com. El usuario se compromete a respetar los derechos  de Propiedad Intelectual e Industrial titularidad de  www.xawsgroup.com.<br>El usuario conoce y acepta que la totalidad  del sitio web, conteniendo sin car\u00e1cter exhaustivo el texto, software,  contenidos (incluyendo estructura, selecci\u00f3n, ordenaci\u00f3n y presentaci\u00f3n  de los mismos) podcast, fotograf\u00edas, material audiovisual y gr\u00e1ficos,  est\u00e1 protegida por marcas, derechos de autor y otros derechos leg\u00edtimos,  de acuerdo con los tratados internacionales en los que Rep\u00fablica Dominicana es parte y  otros derechos de propiedad y leyes de Rep\u00fablica Dominicana. En el caso de que un  usuario o un tercero consideren que se ha producido una violaci\u00f3n de sus  leg\u00edtimos derechos de propiedad intelectual por la introducci\u00f3n de un  determinado contenido en la web, deber\u00e1 notificar dicha circunstancia a  www.xawsgroup.com indicando:<\/p>\n\n\n\n<ul class=\"wp-block-list\">\n<li>Datos personales del interesado titular de los derechos \npresuntamente infringidos, o indicar la representaci\u00f3n con la que act\u00faa \nen caso de que la reclamaci\u00f3n la presente un tercero distinto del \ninteresado.<\/li>\n\n\n\n<li>Se\u00f1alar los contenidos protegidos por los derechos \nde propiedad intelectual y su ubicaci\u00f3n en la web, la acreditaci\u00f3n de \nlos derechos de propiedad intelectual se\u00f1alados y declaraci\u00f3n expresa en\n la que el interesado se responsabiliza de la veracidad de las \ninformaciones facilitadas en la notificaci\u00f3n<\/li>\n<\/ul>\n\n\n\n<h4 class=\"wp-block-heading\">ENLACES EXTERNOS<\/h4>\n\n\n\n<p>Las p\u00e1ginas de la web www.xawsgroup.com, podr\u00eda proporcionar  enlaces a otros sitios web propios y contenidos que son propiedad de  terceros. El \u00fanico objeto de los enlaces es proporcionar al Usuario la  posibilidad de acceder a dichos enlaces. www.xawsgroup.com no se  responsabiliza en ning\u00fan caso de los resultados que puedan derivarse al  Usuario por acceso a dichos enlaces.<br>Asimismo, el usuario encontrar\u00e1  dentro de este sitio, p\u00e1ginas, promociones, programas de afiliados que  acceden a los h\u00e1bitos de navegaci\u00f3n de los usuarios para establecer  perfiles. Esta informaci\u00f3n siempre es an\u00f3nima y no se identifica al  usuario.<br><br>La Informaci\u00f3n que se proporcione en estos Sitios  patrocinado o enlaces de afiliados est\u00e1 sujeta a las pol\u00edticas de  privacidad que se utilicen en dichos Sitios y no estar\u00e1 sujeta a esta  pol\u00edtica de privacidad. Por lo que recomendamos ampliamente a los  Usuarios a revisar detalladamente las pol\u00edticas de privacidad de los  enlaces de afiliado.<br>El Usuario que se proponga establecer cualquier  dispositivo t\u00e9cnico de enlace desde su sitio web al portal  www.xawsgroup.com deber\u00e1 obtener la autorizaci\u00f3n previa y escrita de  www.xawsgroup.com El establecimiento del enlace no implica en  ning\u00fan caso la existencia de relaciones entre www.xawsgroup.com y el  propietario del sitio en el que se establezca el enlace, ni la  aceptaci\u00f3n o aprobaci\u00f3n por parte de www.xawsgroup.com de sus  contenidos o servicios<\/p>\n\n\n\n<h4 class=\"wp-block-heading\">POL\u00cdTICA DE COMENTARIOS<\/h4>\n\n\n\n<p>En nuestra web y se permiten realizar comentarios para enriquecer los\n contenidos y realizar consultas. No se admitir\u00e1n comentarios que no \nest\u00e9n relacionados con la tem\u00e1tica de esta web, que incluyan \ndifamaciones, agravios, insultos, ataques personales o faltas de respeto\n en general hacia el autor o hacia otros miembros. Tambi\u00e9n ser\u00e1n \nsuprimidos los comentarios que contengan informaci\u00f3n que sea obviamente \nenga\u00f1osa o falsa, as\u00ed como los comentarios que contengan informaci\u00f3n \npersonal, como, por ejemplo, domicilios privado o tel\u00e9fonos y que \nvulneren nuestra pol\u00edtica de protecci\u00f3n de datos.<br>Se desestimar\u00e1, \nigualmente, aquellos comentarios creados s\u00f3lo con fines promocionales de\n una web, persona o colectivo y todo lo que pueda ser considerado spam \nen general.<br>No se permiten comentarios an\u00f3nimos, as\u00ed como aquellos \nrealizados por una misma persona con distintos apodos. No se \nconsiderar\u00e1n tampoco aquellos comentarios que intenten forzar un debate o\n una toma de postura por otro usuario.<\/p>\n\n\n\n<h4 class=\"wp-block-heading\">EXCLUSI\u00d3N DE GARANT\u00cdAS Y RESPONSABILIDAD<\/h4>\n\n\n\n<p>El Prestador no otorga ninguna garant\u00eda ni se hace responsable, en \nning\u00fan caso, de los da\u00f1os y perjuicios de cualquier naturaleza que \npudieran traer causa de:<\/p>\n\n\n\n<ul class=\"wp-block-list\">\n<li>La falta de disponibilidad, mantenimiento y efectivo funcionamiento de la web, o de sus servicios y contenidos;<\/li>\n\n\n\n<li>La existencia de virus, programas maliciosos o lesivos en los contenidos;<\/li>\n\n\n\n<li>El uso il\u00edcito, negligente, fraudulento o contrario a este Aviso Legal;<\/li>\n\n\n\n<li>La\n falta de licitud, calidad, fiabilidad, utilidad y disponibilidad de los\n servicios prestados por terceros y puestos a disposici\u00f3n de los \nusuarios en el sitio web.<\/li>\n\n\n\n<li>El prestador no se hace responsable \nbajo ning\u00fan concepto de los da\u00f1os que pudieran dimanar del uso ilegal o \nindebido de la presente p\u00e1gina web.<\/li>\n<\/ul>\n\n\n\n<h4 class=\"wp-block-heading\">LEY APLICABLE Y JURISDICCI\u00d3N<\/h4>\n\n\n\n<p>Con car\u00e1cter general las relaciones entre www.xawsgroup.com con  los Usuarios de sus servicios telem\u00e1ticos, presentes en esta web se  encuentran sometidas a la legislaci\u00f3n y jurisdicci\u00f3n Dominicana y a los  tribunales.<\/p>\n\n\n\n<h3 class=\"wp-block-heading\">CONTACTO<\/h3>\n\n\n\n<p>En caso de que cualquier Usuario tuviese alguna duda acerca de estas  Condiciones legales o cualquier comentario sobre el portal  <strong>www.xawsgroup.com<\/strong>, por favor escribirnos a\u00a0<a href=\"mailto:helpdesk@xawsgroup.com\" title=\"\">(helpdesk)@xawsgroup.com <\/a>o llamar a nuestras oficinas en RD 8094226008 y USA 4029226008.<\/p>\n\n\n\n<p>De parte del equipo que formamos <a href=\"https:\/\/xawsgroup.com\/es\/\" target=\"_blank\" rel=\"noopener\" title=\"Inicio\"><strong>Jhon Morato<\/strong> | <strong>XAWS<\/strong><\/a>, SRL te agradecemos el tiempo dedicado en leer este Aviso Legal.<\/p>","protected":false},"excerpt":{"rendered":"<p>Aviso legal y t\u00e9rminos de uso En este espacio, el USUARIO, podr\u00e1 encontrar toda la informaci\u00f3n relativa a los t\u00e9rminos y condiciones legales que definen las relaciones entre los usuarios y nosotros como responsables de esta web. Como usuario, es importante que conozcas estos t\u00e9rminos antes de continuar tu navegaci\u00f3n. Jhon Morato | XAWS, SRL. [&hellip;]<\/p>","protected":false},"author":1,"featured_media":0,"parent":0,"menu_order":0,"comment_status":"closed","ping_status":"closed","template":"","meta":{"content-type":"","_uag_custom_page_level_css":"","site-sidebar-layout":"default","site-content-layout":"default","ast-site-content-layout":"default","site-content-style":"default","site-sidebar-style":"default","ast-global-header-display":"","ast-banner-title-visibility":"","ast-main-header-display":"","ast-hfb-above-header-display":"","ast-hfb-below-header-display":"","ast-hfb-mobile-header-display":"","site-post-title":"","ast-breadcrumbs-content":"","ast-featured-img":"","footer-sml-layout":"","theme-transparent-header-meta":"default","adv-header-id-meta":"","stick-header-meta":"","header-above-stick-meta":"","header-main-stick-meta":"","header-below-stick-meta":"","astra-migrate-meta-layouts":"default","ast-page-background-enabled":"default","ast-page-background-meta":{"desktop":{"background-color":"","background-image":"","background-repeat":"repeat","background-position":"center center","background-size":"auto","background-attachment":"scroll","background-type":"","background-media":"","overlay-type":"","overlay-color":"","overlay-opacity":"","overlay-gradient":""},"tablet":{"background-color":"","background-image":"","background-repeat":"repeat","background-position":"center center","background-size":"auto","background-attachment":"scroll","background-type":"","background-media":"","overlay-type":"","overlay-color":"","overlay-opacity":"","overlay-gradient":""},"mobile":{"background-color":"","background-image":"","background-repeat":"repeat","background-position":"center center","background-size":"auto","background-attachment":"scroll","background-type":"","background-media":"","overlay-type":"","overlay-color":"","overlay-opacity":"","overlay-gradient":""}},"ast-content-background-meta":{"desktop":{"background-color":"var(--ast-global-color-5)","background-image":"","background-repeat":"repeat","background-position":"center center","background-size":"auto","background-attachment":"scroll","background-type":"","background-media":"","overlay-type":"","overlay-color":"","overlay-opacity":"","overlay-gradient":""},"tablet":{"background-color":"var(--ast-global-color-5)","background-image":"","background-repeat":"repeat","background-position":"center center","background-size":"auto","background-attachment":"scroll","background-type":"","background-media":"","overlay-type":"","overlay-color":"","overlay-opacity":"","overlay-gradient":""},"mobile":{"background-color":"var(--ast-global-color-5)","background-image":"","background-repeat":"repeat","background-position":"center center","background-size":"auto","background-attachment":"scroll","background-type":"","background-media":"","overlay-type":"","overlay-color":"","overlay-opacity":"","overlay-gradient":""}},"footnotes":""},"class_list":["post-2890","page","type-page","status-publish","hentry"],"aioseo_notices":[],"uagb_featured_image_src":{"full":false,"thumbnail":false,"medium":false,"medium_large":false,"large":false,"1536x1536":false,"2048x2048":false,"trp-custom-language-flag":false,"woocommerce_thumbnail":false,"woocommerce_single":false,"woocommerce_gallery_thumbnail":false},"uagb_author_info":{"display_name":"xawsgroup","author_link":"https:\/\/xawsgroup.com\/es\/author\/xawsgroup\/"},"uagb_comment_info":0,"uagb_excerpt":"Aviso legal y t\u00e9rminos de uso En este espacio, el USUARIO, podr\u00e1 encontrar toda la informaci\u00f3n relativa a los t\u00e9rminos y condiciones legales que definen las relaciones entre los usuarios y nosotros como responsables de esta web. Como usuario, es importante que conozcas estos t\u00e9rminos antes de continuar tu navegaci\u00f3n. Jhon Morato | XAWS, SRL.&hellip;","_links":{"self":[{"href":"https:\/\/xawsgroup.com\/es\/wp-json\/wp\/v2\/pages\/2890","targetHints":{"allow":["GET"]}}],"collection":[{"href":"https:\/\/xawsgroup.com\/es\/wp-json\/wp\/v2\/pages"}],"about":[{"href":"https:\/\/xawsgroup.com\/es\/wp-json\/wp\/v2\/types\/page"}],"author":[{"embeddable":true,"href":"https:\/\/xawsgroup.com\/es\/wp-json\/wp\/v2\/users\/1"}],"replies":[{"embeddable":true,"href":"https:\/\/xawsgroup.com\/es\/wp-json\/wp\/v2\/comments?post=2890"}],"version-history":[{"count":9,"href":"https:\/\/xawsgroup.com\/es\/wp-json\/wp\/v2\/pages\/2890\/revisions"}],"predecessor-version":[{"id":4844,"href":"https:\/\/xawsgroup.com\/es\/wp-json\/wp\/v2\/pages\/2890\/revisions\/4844"}],"wp:attachment":[{"href":"https:\/\/xawsgroup.com\/es\/wp-json\/wp\/v2\/media?parent=2890"}],"curies":[{"name":"wp","href":"https:\/\/api.w.org\/{rel}","templated":true}]}}